{"id":15317,"date":"2020-02-05T12:37:11","date_gmt":"2020-02-05T11:37:11","guid":{"rendered":"https:\/\/www.hitchhiker.net\/?page_id=15317"},"modified":"2020-05-20T09:56:52","modified_gmt":"2020-05-20T08:56:52","slug":"agentplus","status":"publish","type":"page","link":"https:\/\/hitchhiker.net\/de\/agentplus\/","title":{"rendered":"AgentPlus"},"content":{"rendered":"\n<div class=\"wp-block-image\"><figure class=\"aligncenter size-full\"><img decoding=\"async\" src=\"\/wp-content\/uploads\/IMG_Agent_1200x413.png\" alt=\"AgentPlus NDC Flugbuchungssystem\" class=\"wp-image-5280\"\/><\/figure><\/div>\n\n\n\n<div style=\"height:50px\" aria-hidden=\"true\" class=\"wp-block-spacer\"><\/div>\n\n\n\n<div class=\"wp-block-group\"><div class=\"wp-block-group__inner-container is-layout-flow wp-block-group-is-layout-flow\">\n<div class=\"wp-block-columns is-layout-flex wp-container-core-columns-is-layout-9d6595d7 wp-block-columns-is-layout-flex\">\n<div class=\"wp-block-column is-layout-flow wp-block-column-is-layout-flow\">\n<p>Immer mehr Airlines weltweit f\u00fchren NDC als neuen Datenstandard\nf\u00fcr Ihren Direktvertrieb ein. <\/p>\n\n\n\n<p>Angeschlossenen Agenturen verspricht der neue Vertriebskanal\nder Airlines nicht nur differenziertere und exklusive Angebote sowie Einsparungen\nbei den Buchungsgeb\u00fchren. Vielmehr stellen Agenturen durch NDC sicher, dass sie\nIhren Kunden auch zuk\u00fcnftig den g\u00fcnstigsten verf\u00fcgbaren Tarif der Airline\nanbieten k\u00f6nnen. Das gilt insbesondere dann, wenn die GDS Ihnen keinen \u201eFull Content\u201c\nmehr garantieren k\u00f6nnen.<\/p>\n\n\n\n<p>Um NDC m\u00f6glichst nahtlos auch in Ihr Tagesgesch\u00e4ft zu integrieren und den Aufwand f\u00fcr diese Implementierung so gering wie m\u00f6glich zu halten, bringen wir nun die 4. Version unsere bekannten Agent-Plattform auf den Markt.<\/p>\n<\/div>\n\n\n\n<div class=\"wp-block-column is-layout-flow wp-block-column-is-layout-flow\">\n<p>AgentPlus erm\u00f6glicht Ihnen die Abfrage und Buchung einer\nstetig wachsenden Anzahl von NDC-Airlines. Dar\u00fcber hinaus erhalten Sie Zugriff\nauf Ihr gewohntes GDS, \u00fcber 100 der wichtigsten Low-Cost-Airlines sowie auf\nTarife diverser internationaler Consolidator. Auch die Markentarife der\nAirlines (Branded Fares) werden von uns unterst\u00fctzt.<\/p>\n\n\n\n<p>F\u00fcr nachgelagerte Prozesse, wie Ticketing und Stornierung der NDC Buchungen, mussten Mitarbeiter bisher auf diverse B2B-Portale der Airlines geschult werden. Durch die zentralen Verwaltungs- und Bearbeitungsfunktionen unseres Booking Managers wird der allgemeine Schulungsaufwand f\u00fcr Ihr Team nun erheblich reduziert.<\/p>\n<\/div>\n<\/div>\n<\/div><\/div>\n\n\n\n<div style=\"height:50px\" aria-hidden=\"true\" class=\"wp-block-spacer\"><\/div>\n\n\n\n<h2 class=\"has-text-align-center\">Ihr NDC GDS<\/h2>\n<div class=\"divider\" style=\"margin-top:10px; margin-bottom:20px; \"><\/div>\n\n\n\n<div class='white' style='background:rgba(0,0,0,0); border:solid 0px rgba(0,0,0,0); border-radius:0px; padding:0px 0px 0px 0px;'>\n<div id='slider_16005' class='owl-carousel sa_owl_theme autohide-arrows' data-slider-id='slider_16005' style='visibility:hidden;'>\n<div id='slider_16005_slide01' class='sa_hover_container' style='padding:0% 0%; margin:0px 0%; '><img loading=\"lazy\" decoding=\"async\" src=\"https:\/\/www.hitchhiker.net\/wp-content\/uploads\/AgentPlus_NDC_Slides_5_DE_1.png\" alt=\"\" width=\"1800\" height=\"1329\" alt=\"AgentPlus Tarifabfrage\" class=\"alignleft size-full wp-image-16006\" srcset=\"https:\/\/hitchhiker.net\/wp-content\/uploads\/AgentPlus_NDC_Slides_5_DE_1.png 1800w, https:\/\/hitchhiker.net\/wp-content\/uploads\/AgentPlus_NDC_Slides_5_DE_1-300x222.png 300w, https:\/\/hitchhiker.net\/wp-content\/uploads\/AgentPlus_NDC_Slides_5_DE_1-1024x756.png 1024w, https:\/\/hitchhiker.net\/wp-content\/uploads\/AgentPlus_NDC_Slides_5_DE_1-768x567.png 768w, https:\/\/hitchhiker.net\/wp-content\/uploads\/AgentPlus_NDC_Slides_5_DE_1-1536x1134.png 1536w\" sizes=\"auto, (max-width: 1800px) 100vw, 1800px\" \/><\/div>\n<div id='slider_16005_slide02' class='sa_hover_container' style='padding:0% 0%; margin:0px 0%; '><img loading=\"lazy\" decoding=\"async\" src=\"https:\/\/www.hitchhiker.net\/wp-content\/uploads\/AgentPlus_NDC_Slides_5_DE_2.png\" alt=\"\" width=\"1800\" height=\"1329\" alt=\"AgentPlus Tarifergebnisse\" class=\"alignleft size-full wp-image-16008\" srcset=\"https:\/\/hitchhiker.net\/wp-content\/uploads\/AgentPlus_NDC_Slides_5_DE_2.png 1800w, https:\/\/hitchhiker.net\/wp-content\/uploads\/AgentPlus_NDC_Slides_5_DE_2-300x222.png 300w, https:\/\/hitchhiker.net\/wp-content\/uploads\/AgentPlus_NDC_Slides_5_DE_2-1024x756.png 1024w, https:\/\/hitchhiker.net\/wp-content\/uploads\/AgentPlus_NDC_Slides_5_DE_2-768x567.png 768w, https:\/\/hitchhiker.net\/wp-content\/uploads\/AgentPlus_NDC_Slides_5_DE_2-1536x1134.png 1536w\" sizes=\"auto, (max-width: 1800px) 100vw, 1800px\" \/><\/div>\n<div id='slider_16005_slide03' class='sa_hover_container' style='padding:0% 0%; margin:0px 0%; '><img loading=\"lazy\" decoding=\"async\" src=\"https:\/\/www.hitchhiker.net\/wp-content\/uploads\/AgentPlus_NDC_Slides_5_DE_3.png\" alt=\"AgentPlus Booking Manager\" width=\"1800\" height=\"1329\" class=\"alignleft size-full wp-image-16010\" srcset=\"https:\/\/hitchhiker.net\/wp-content\/uploads\/AgentPlus_NDC_Slides_5_DE_3.png 1800w, https:\/\/hitchhiker.net\/wp-content\/uploads\/AgentPlus_NDC_Slides_5_DE_3-300x222.png 300w, https:\/\/hitchhiker.net\/wp-content\/uploads\/AgentPlus_NDC_Slides_5_DE_3-1024x756.png 1024w, https:\/\/hitchhiker.net\/wp-content\/uploads\/AgentPlus_NDC_Slides_5_DE_3-768x567.png 768w, https:\/\/hitchhiker.net\/wp-content\/uploads\/AgentPlus_NDC_Slides_5_DE_3-1536x1134.png 1536w\" sizes=\"auto, (max-width: 1800px) 100vw, 1800px\" \/><\/div>\n<\/div>\n<\/div>\n<script type='text\/javascript'>\n\tjQuery(document).ready(function() {\n\t\tjQuery('#slider_16005').owlCarousel({\n\t\t\titems : 1,\n\t\t\tsmartSpeed : 0,\n\t\t\tautoplay : true,\n\t\t\tautoplayTimeout : 5000,\n\t\t\tautoplayHoverPause : true,\n\t\t\tsmartSpeed : 0,\n\t\t\tfluidSpeed : 0,\n\t\t\tautoplaySpeed : 0,\n\t\t\tnavSpeed : 0,\n\t\t\tdotsSpeed : 0,\n\t\t\tloop : true,\n\t\t\tnav : false,\n\t\t\tnavText : ['Previous','Next'],\n\t\t\tdots : false,\n\t\t\tresponsiveRefreshRate : 200,\n\t\t\tslideBy : 1,\n\t\t\tmergeFit : true,\n\t\t\tautoHeight : false,\n\t\t\tmouseDrag : true,\n\t\t\ttouchDrag : false\n\t\t});\n\t\tjQuery('#slider_16005').css('visibility', 'visible');\n\t\tsa_resize_slider_16005();\n\t\twindow.addEventListener('resize', sa_resize_slider_16005);\n\t\tfunction sa_resize_slider_16005() {\n\t\t\tvar min_height = '50';\n\t\t\tvar win_width = jQuery(window).width();\n\t\t\tvar slider_width = jQuery('#slider_16005').width();\n\t\t\tif (win_width < 480) {\n\t\t\t\tvar slide_width = slider_width \/ 1;\n\t\t\t} else if (win_width < 768) {\n\t\t\t\tvar slide_width = slider_width \/ 1;\n\t\t\t} else if (win_width < 980) {\n\t\t\t\tvar slide_width = slider_width \/ 1;\n\t\t\t} else if (win_width < 1200) {\n\t\t\t\tvar slide_width = slider_width \/ 1;\n\t\t\t} else if (win_width < 1500) {\n\t\t\t\tvar slide_width = slider_width \/ 1;\n\t\t\t} else {\n\t\t\t\tvar slide_width = slider_width \/ 1;\n\t\t\t}\n\t\t\tslide_width = Math.round(slide_width);\n\t\t\tvar slide_height = '0';\n\t\t\tif (min_height == 'aspect43') {\n\t\t\t\tslide_height = (slide_width \/ 4) * 3;\t\t\t\tslide_height = Math.round(slide_height);\n\t\t\t} else if (min_height == 'aspect169') {\n\t\t\t\tslide_height = (slide_width \/ 16) * 9;\t\t\t\tslide_height = Math.round(slide_height);\n\t\t\t} else {\n\t\t\t\tslide_height = (slide_width \/ 100) * min_height;\t\t\t\tslide_height = Math.round(slide_height);\n\t\t\t}\n\t\t\tjQuery('#slider_16005 .owl-item .sa_hover_container').css('min-height', slide_height+'px');\n\t\t}\n\t\tvar owl_goto = jQuery('#slider_16005');\n\t\tjQuery('.slider_16005_goto1').click(function(event){\n\t\t\towl_goto.trigger('to.owl.carousel', 0);\n\t\t});\n\t\tjQuery('.slider_16005_goto2').click(function(event){\n\t\t\towl_goto.trigger('to.owl.carousel', 1);\n\t\t});\n\t\tjQuery('.slider_16005_goto3').click(function(event){\n\t\t\towl_goto.trigger('to.owl.carousel', 2);\n\t\t});\n\t\tvar resize_16005 = jQuery('.owl-carousel');\n\t\tresize_16005.on('initialized.owl.carousel', function(e) {\n\t\t\tif (typeof(Event) === 'function') {\n\t\t\t\twindow.dispatchEvent(new Event('resize'));\n\t\t\t} else {\n\t\t\t\tvar evt = window.document.createEvent('UIEvents');\n\t\t\t\tevt.initUIEvent('resize', true, false, window, 0);\n\t\t\t\twindow.dispatchEvent(evt);\n\t\t\t}\n\t\t});\n\t});\n<\/script>\n\n\n\n\n<div style=\"height:90px\" aria-hidden=\"true\" class=\"wp-block-spacer\"><\/div>\n\n\n\n<h2 class=\"has-text-align-center\">Technische Highlights<\/h2>\n<div class=\"divider\" style=\"margin-top:10px; margin-bottom:20px; \"><\/div>\n\n\n\n<div class=\"wp-block-columns is-layout-flex wp-container-core-columns-is-layout-9d6595d7 wp-block-columns-is-layout-flex\">\n<div class=\"wp-block-column is-vertically-aligned-top is-layout-flow wp-block-column-is-layout-flow\" style=\"flex-basis:50%\">\n<p><strong>Such-, und Buchungsfunktion <\/strong>f\u00fcr NDC-, GDS-  und Billigfluggesellschaften, internationale Gro\u00dfh\u00e4ndler und mehr<\/p>\n\n\n\n<p><strong>Buchungsmanager <\/strong>zum zentralen Anzeigen, Umbuchen, Stornieren und Ticketing aller Buchungen<\/p>\n\n\n\n<p><strong>Tarifpakete der Airlines<\/strong>  (&#8222;Branded Fares&#8220;)<\/p>\n\n\n\n<p><strong>Zusatzleistungen<\/strong> (\u201eAncillary Services\u201c) w\u00e4hrend und nach dem Buchungsprozess<\/p>\n\n\n\n<p><strong>Sitzplatzreservierung<\/strong> \u00fcber eine grafische Benutzeroberfl\u00e4che<\/p>\n\n\n\n<p><strong>Kontingente und Gruppenbuchungen <\/strong> (erfordert HitchHiker Allotment Manager) <\/p>\n\n\n\n<p><strong>Kalkulation <\/strong>von Servicegeb\u00fchren oder Rabatten; \u00fcbergreifend oder f\u00fcr bestimmte Niederlassungen oder Vertriebskan\u00e4le    <\/p>\n<\/div>\n\n\n\n<div class=\"wp-block-column is-vertically-aligned-top is-layout-flow wp-block-column-is-layout-flow\" style=\"flex-basis:50%\">\n<p><strong>Regel Definition zur Anbieterauswahl<\/strong> w\u00e4hrend des Such- und Buchungsprozesses <\/p>\n\n\n\n<p><strong>Verkaufssteuerung <\/strong>durch individuelle Sortierungs- und Anpassungsm\u00f6glichkeiten der Tarifanzeige <\/p>\n\n\n\n<p><strong>Umfangreiche Filterm\u00f6glichkeiten<\/strong> zur Tarifauswahl entsprechend des Kundenwunschs <\/p>\n\n\n\n<p><strong>Lieferantenzahlungen <\/strong>\u00fcber (virtuelle) Kreditkartenzahlungen, Agenturinkasso und GDS-Zahlungsmethoden m\u00f6glich <\/p>\n\n\n\n<p><strong>Back-Office-Datei<\/strong> zur \u00dcbergabe von Buchungsdaten an Ihr Buchhaltungssystem<\/p>\n\n\n\n<p><strong>Verwaltung von Agenturzug\u00e4ngen und -einstellungen <\/strong>(Mandantenf\u00e4higkeit)<\/p>\n<\/div>\n<\/div>\n\n\n\n<div style=\"height:50px\" aria-hidden=\"true\" class=\"wp-block-spacer\"><\/div>\n\n\n\n<h2 class=\"has-text-align-center\">Alle Vorteile im \u00dcberblick<\/h2>\n<div class=\"divider\" style=\"margin-top:10px; margin-bottom:20px; \"><\/div>\n\n\n\n<div class=\"wp-block-group\"><div class=\"wp-block-group__inner-container is-layout-flow wp-block-group-is-layout-flow\">\n<div class=\"wp-block-columns is-layout-flex wp-container-core-columns-is-layout-9d6595d7 wp-block-columns-is-layout-flex\">\n<div class=\"wp-block-column is-layout-flow wp-block-column-is-layout-flow\">\n<div class=\"wp-block-image\"><figure class=\"aligncenter size-large is-resized\"><img loading=\"lazy\" decoding=\"async\" src=\"\/wp-content\/uploads\/users_happy_duotone-1024x802.png\" alt=\"Traveller Icon\" class=\"wp-image-5287\" width=\"102\" height=\"80\"\/><\/figure><\/div>\n\n\n\n<h4 class=\"has-text-align-center wp-block-heading\">Reisender<\/h4>\n\n\n\n<p><strong>Zufriedenere Kunden <\/strong>durch passende Tarife und Zusatzangebote<\/p>\n<\/div>\n\n\n\n<div class=\"wp-block-column is-layout-flow wp-block-column-is-layout-flow\">\n<div class=\"wp-block-image\"><figure class=\"aligncenter size-large is-resized\"><img loading=\"lazy\" decoding=\"async\" src=\"\/wp-content\/uploads\/user-headset-duotone.png\" alt=\"Agent Icon\" class=\"wp-image-5272\" width=\"80\" height=\"80\"\/><\/figure><\/div>\n\n\n\n<h4 class=\"has-text-align-center wp-block-heading\">Vertrieb<\/h4>\n\n\n\n<p><strong>Full Content: <\/strong>alle NDC &amp; LCC Airlines plus der gewohnte GDS-Content in einem System<\/p>\n\n\n\n<p><strong>Gesteigerte Produktivit\u00e4t<\/strong> durch reduzierten Schulungsbedarf und  geringeren Arbeitsaufwand w\u00e4hrend des Tagesgesch\u00e4fts <\/p>\n\n\n\n<p><strong>Schnelle und einfache Einf\u00fchrung <\/strong>Ihrer AgentPlus-Plattform<\/p>\n\n\n\n<p><strong>Regelm\u00e4\u00dfige Updates<\/strong><\/p>\n\n\n\n<p><strong>Keine zus\u00e4tzlichen GDS-Geb\u00fchren <\/strong>durch die Airlines<\/p>\n<\/div>\n\n\n\n<div class=\"wp-block-column is-layout-flow wp-block-column-is-layout-flow\">\n<div class=\"wp-block-image\"><figure class=\"aligncenter size-large is-resized\"><img loading=\"lazy\" decoding=\"async\" src=\"\/wp-content\/uploads\/user_tie_duotone.png\" alt=\"Business Man Icon\" class=\"wp-image-5276\" width=\"80\" height=\"80\"\/><\/figure><\/div>\n\n\n\n<h4 class=\"has-text-align-center wp-block-heading\">Airline<\/h4>\n\n\n\n<p><strong>Erweiterte Vertriebsm\u00f6glichkeiten<\/strong> f\u00fcr Fl\u00fcge und Zusatzangebote<\/p>\n\n\n\n<p><strong>Unterst\u00fctzung <\/strong>der Airline NDC-Strategie<\/p>\n<\/div>\n<\/div>\n<\/div><\/div>\n\n\n\n<div style=\"height:50px\" aria-hidden=\"true\" class=\"wp-block-spacer\"><\/div>\n\n\n\n<div class=\"wp-block-group has-very-light-gray-background-color has-background\"><div class=\"wp-block-group__inner-container is-layout-flow wp-block-group-is-layout-flow\">\n<div style=\"height:30px\" aria-hidden=\"true\" class=\"wp-block-spacer\"><\/div>\n\n\n\n<h2 class=\"has-text-align-center\">Erleben Sie AgentPlus live<\/h2>\n<div class=\"divider\" style=\"margin-top:10px; margin-bottom:20px; \"><\/div>\n\n\n\n<p class=\"has-text-align-center\">Sie m\u00f6chten einen Termin f\u00fcr eine Pr\u00e4sentation, oder zur Besprechung Ihrer Anforderungen an eine individuelle Unternehmensl\u00f6sung mit uns vereinbaren? Dann nehmen Sie gleich Kontakt mit uns auf.<\/p>\n\n\n\n<div class=\"wp-block-button aligncenter\"><a class=\"wp-block-button__link has-text-color has-background\" href=\"mailto:sales@hitchhiker.net\" style=\"background-color:#cb061d;color:#ffffff;border-radius:5px\" rel=\"Request Demo\">Demo vereinbaren<\/a><\/div>\n\n\n\n<div style=\"height:30px\" aria-hidden=\"true\" class=\"wp-block-spacer\"><\/div>\n<\/div><\/div>\n\n\n\n<div style=\"height:50px\" aria-hidden=\"true\" class=\"wp-block-spacer\"><\/div>\n\n\n\n<div class=\"wp-block-columns is-layout-flex wp-container-core-columns-is-layout-9d6595d7 wp-block-columns-is-layout-flex\">\n<div class=\"wp-block-column is-layout-flow wp-block-column-is-layout-flow\">\n<p class=\"has-text-align-center\"><a href=\"\/de\/index.php#unsere-produktpalette\">\u2190 zur\u00fcck zur \u00dcbersicht<\/a><\/p>\n<\/div>\n\n\n\n<div class=\"wp-block-column is-layout-flow wp-block-column-is-layout-flow\">\n<p class=\"has-text-align-center\"><a href=\"\/de\/index.php\/unsere-produktpalette\/\">weitere Produkte ansehen \u2192<\/a><\/p>\n\n\n\n<p><\/p>\n<\/div>\n<\/div>\n\n\n\n<p><\/p>\n","protected":false},"excerpt":{"rendered":"<p>Immer mehr Airlines weltweit f\u00fchren NDC als neuen Datenstandard f\u00fcr Ihren Direktvertrieb ein. Angeschlossenen Agenturen verspricht der neue Vertriebskanal der Airlines nicht nur differenziertere und exklusive Angebote sowie Einsparungen bei den Buchungsgeb\u00fchren. Vielmehr stellen Agenturen durch NDC sicher, dass sie Ihren Kunden auch zuk\u00fcnftig den g\u00fcnstigsten verf\u00fcgbaren Tarif der Airline anbieten k\u00f6nnen. Das gilt insbesondere [&hellip;]<\/p>\n","protected":false},"author":4,"featured_media":0,"parent":0,"menu_order":0,"comment_status":"closed","ping_status":"closed","template":"page-full-width.php","meta":{"dwc-title":[],"dwc-content":[],"_monsterinsights_skip_tracking":false,"_monsterinsights_sitenote_active":false,"_monsterinsights_sitenote_note":"","_monsterinsights_sitenote_category":0,"_uf_show_specific_survey":0,"_uf_disable_surveys":false,"footnotes":""},"class_list":["post-15317","page","type-page","status-publish","hentry"],"_links":{"self":[{"href":"https:\/\/hitchhiker.net\/de\/wp-json\/wp\/v2\/pages\/15317","targetHints":{"allow":["GET"]}}],"collection":[{"href":"https:\/\/hitchhiker.net\/de\/wp-json\/wp\/v2\/pages"}],"about":[{"href":"https:\/\/hitchhiker.net\/de\/wp-json\/wp\/v2\/types\/page"}],"author":[{"embeddable":true,"href":"https:\/\/hitchhiker.net\/de\/wp-json\/wp\/v2\/users\/4"}],"replies":[{"embeddable":true,"href":"https:\/\/hitchhiker.net\/de\/wp-json\/wp\/v2\/comments?post=15317"}],"version-history":[{"count":0,"href":"https:\/\/hitchhiker.net\/de\/wp-json\/wp\/v2\/pages\/15317\/revisions"}],"wp:attachment":[{"href":"https:\/\/hitchhiker.net\/de\/wp-json\/wp\/v2\/media?parent=15317"}],"curies":[{"name":"wp","href":"https:\/\/api.w.org\/{rel}","templated":true}]}}